{"id":529,"date":"2025-10-27T15:00:32","date_gmt":"2025-10-27T15:00:32","guid":{"rendered":"https:\/\/newrh.rentbuyfly.ch\/?page_id=529"},"modified":"2025-10-27T16:43:04","modified_gmt":"2025-10-27T16:43:04","slug":"agbs","status":"publish","type":"page","link":"https:\/\/newrh.rentbuyfly.ch\/index.php\/agbs\/","title":{"rendered":"AGB\u00b4s"},"content":{"rendered":"\t\t<div data-elementor-type=\"wp-page\" data-elementor-id=\"529\" class=\"elementor elementor-529\">\n\t\t\t\t<div class=\"elementor-element elementor-element-4befe52 e-flex e-con-boxed e-con e-parent\" data-id=\"4befe52\" data-element_type=\"container\">\n\t\t\t\t\t<div class=\"e-con-inner\">\n\t\t\t\t<div class=\"elementor-element elementor-element-7cfefba elementor-widget elementor-widget-text-editor\" data-id=\"7cfefba\" data-element_type=\"widget\" data-widget_type=\"text-editor.default\">\n\t\t\t\t\t\t\t\t\t<section class=\"elementor-section elementor-top-section elementor-element elementor-element-6d34b9b elementor-section-stretched elementor-section-boxed elementor-section-height-default elementor-section-height-default\" data-particle_enable=\"false\" data-particle-mobile-disabled=\"false\" data-id=\"6d34b9b\" data-element_type=\"section\" data-settings=\"{&quot;stretch_section&quot;:&quot;section-stretched&quot;}\"><div class=\"elementor-container elementor-column-gap-default\"><div class=\"elementor-column elementor-col-100 elementor-top-column elementor-element elementor-element-63a6bcb\" data-id=\"63a6bcb\" data-element_type=\"column\"><div class=\"elementor-widget-wrap elementor-element-populated\"><div class=\"elementor-element elementor-element-3e78ef1 elementor-widget elementor-widget-text-editor\" data-id=\"3e78ef1\" data-element_type=\"widget\" data-widget_type=\"text-editor.default\"><div class=\"elementor-widget-container\"><p><strong>Allgemeine Gesch\u00e4ftsbedingungen<\/strong><\/p><p><strong>Rudolf H\u00e4feli, Breitenacherstrasse 60, 8308 Illnau<br \/><br \/><\/strong><\/p><ol><li><strong>GELTUNGSBEREICH<\/strong><\/li><\/ol><p><strong>\u00a0<\/strong>Diese AGB sind Bestandteil des Vertrages zwischen Rudolf H\u00e4feli und den<br \/>Teilnehmenden. Vorbehalten bleiben abweichende oder erg\u00e4nzende Vereinbarungen, die der Schriftform bed\u00fcrfen.<\/p><ol><li><strong>\u00a0VERTRAG<\/strong><\/li><\/ol><p>Durch die schriftliche (auch \u00fcber Internet), telefonische oder pers\u00f6nliche Buchung kommt zwischen den Teilnehmenden und dem Veranstalter ein Vertrag zustande.<\/p><ol><li><strong>\u00a0ZAHLUNGSBEDINGUNGEN<\/strong><\/li><\/ol><p>Mit der verbindlichen Anmeldung verpflichten sich die Teilnehmenden, die damit verbundenen Reisekosten fristgerecht zu bezahlen. Die Zahlung unterliegt folgender F\u00e4lligkeit:<\/p><p>Anzahlung: \u00a0\u00a0\u00a0\u00a0 30 %, 10 Tage nach Anmeldung \/ Erhalt des F\u00e4hre Tickets<\/p><p>Restzahlung:\u00a0\u00a0 70 %, 20 Tage vor Antritt der Reise<\/p><p>Erfolgt die Anmeldung in weniger als 14 Tagen vor der Tour, ist der<\/p><p>Teilnahmebetrag sofort zur Zahlung f\u00e4llig.<\/p><p>Nach dem Zahlungseingang ist die Anmeldung rechtsg\u00fcltig und verbindlich.<\/p><p>Bei nicht fristgerechter Bezahlung beh\u00e4lt sich Rudolf H\u00e4feli vor, die Anmeldung<\/p><p>ohne weitere Zahlungsaufforderung zu stornieren bzw. vom Vertrag zur\u00fcckzutreten.<\/p><ol><li><strong>STORNIERUNG UND ANNULLATIONSBESTIMMUNGEN<\/strong><\/li><\/ol><p>Die Stornierung einer gebuchten Motorrad Reise ist in jedem Fall schriftlich, per E-Mail (rudhaef@bluewin.ch), oder per Post an Rudolf H\u00e4feli zu richten. Eine Stornierung erreicht erst dann seine G\u00fcltigkeit, wenn der Teilnehmer von Rudolf H\u00e4feli eine entsprechende schriftliche Best\u00e4tigung erh\u00e4lt.<\/p><p>Massgebend f\u00fcr die Berechnung des Annullierungsdatums ist das Eintreffen der Erkl\u00e4rung bei Rudolf H\u00e4feli. Bei Sonntagen, Montagen oder Feiertagen gilt der n\u00e4chste Werktag.<\/p><p>Tritt der Teilnehmende von einer gebuchten Tour zur\u00fcck, so werden folgende Annullationskosten f\u00e4llig:<\/p><p>Vom 1. bis zum 30. Tag nach Schriftlicher Anmeldung \u00a0\u00a0\u00a0\u00a0\u00a0\u00a0\u00a0\u00a0\u00a0\u00a0\u00a0\u00a0\u00a0\u00a0\u00a0\u00a0\u00a0\u00a0 Kostenfreie Stornierung\u00a0<\/p><p>Vom 31. bis zum 31. Tag vor Reiseantritt \u00a0\u00a0\u00a0\u00a0\u00a0\u00a0\u00a0\u00a0\u00a0\u00a0\u00a0\u00a0\u00a0\u00a0\u00a0\u00a0\u00a0\u00a0\u00a0\u00a0\u00a0\u00a0\u00a0\u00a0\u00a0\u00a0\u00a0\u00a0\u00a0\u00a0\u00a0\u00a0\u00a0\u00a0\u00a0\u00a0\u00a0\u00a0\u00a0\u00a0\u00a0\u00a0\u00a0\u00a0 30% der Reisekosten<\/p><p>vom 30. bis 1. Tag vor Reiseantritt \u00a0\u00a0\u00a0\u00a0\u00a0\u00a0\u00a0\u00a0\u00a0\u00a0\u00a0\u00a0\u00a0\u00a0\u00a0\u00a0\u00a0\u00a0\u00a0\u00a0\u00a0\u00a0\u00a0\u00a0\u00a0\u00a0\u00a0\u00a0\u00a0\u00a0\u00a0\u00a0\u00a0\u00a0\u00a0\u00a0\u00a0\u00a0\u00a0\u00a0\u00a0\u00a0\u00a0\u00a0\u00a0\u00a0\u00a0\u00a0\u00a0\u00a0\u00a0\u00a0\u00a0\u00a0\u00a0\u00a0 100 % der Reisekosten<\/p><p>\u00a0<\/p><p><strong><u>Tickets von F\u00e4hren werden auf den Namen des Teilnehmers gebucht und k\u00f6nnen nicht zur\u00fcckerstattet werden. Hier gelten die Stornierung Bedingungen der Moby Lines<\/u><\/strong><\/p><p>\u00a0<\/p><p>Bricht der Teilnehmer Reise aus irgendeinem Grunde vorzeitig ab, hat er keinen<\/p><p>Anspruch auf Erstattung der ihm in Rechnung gestellten Leistungen (auch nicht anteilm\u00e4ssig).<\/p><p>Die folgenden R\u00fccktrittsbedingungen gelten, sofern in der Ausschreibung der Veranstaltungen nichts anderes vereinbart oder ausgeschrieben wurde.<\/p><ol><li><strong>\u00a0VERSICHERUNG<\/strong><\/li><\/ol><p>Die Teilnehmenden tragen die eigene Verantwortung, Versicherungen f\u00fcr Personen- sowie Sachsch\u00e4den abzuschliessen.<\/p><p>Rudolf H\u00e4feli empfiehlt den Abschluss einer Reiseversicherung (ETI Schutzbrief TCS)<\/p><p>f\u00fcr Annullation und R\u00fccktrittskosten, Unfall, Krankheit, Diebstahl, Haftpflicht und Rechtschutz.<\/p><ol><li><strong>\u00a0HAFTUNG<\/strong><\/li><\/ol><p>Der Teilnehmer nimmt auf eigene Verantwortung an der Veranstaltung teil.<\/p><p>Er tr\u00e4gt die alleinige zivil- und strafrechtliche Verantwortung f\u00fcr alle von ihm und dem von ihm benutzten Motorrad verursachten Sch\u00e4den, soweit diesbez\u00fcglich kein Haftungsausschluss vereinbart wurde.<\/p><p>Sch\u00e4den, welche die Teilnehmenden gegen\u00fcber Dritten verursachen, haben sie in<\/p><p>eigener Verantwortung zu tragen. Die Teilnehmenden verzichten gegen\u00fcber Rudolf H\u00e4feli und seinen Mitarbeitenden auf jegliche Forderungen, die w\u00e4hrend der Tour durch ein sch\u00e4digendes Ereignis entstanden sind.<\/p><p>Die Teilnehmenden erkl\u00e4ren mit Abgabe Ihrer Anmeldung den Verzicht auf Anspr\u00fcche jeder Art f\u00fcr Sch\u00e4den, die im Zusammenhang mit der Veranstaltung entstehen, gegen\u00fcber Rudolf H\u00e4feli und allen anderen Personen, die mit der Organisation der Veranstaltung in Verbindung stehen.<\/p><p>Der Haftungsverzicht gilt f\u00fcr alle Anspr\u00fcche aus jeglichem Rechtsgrund, insbesondere sowohl f\u00fcr Schadensersatzanspr\u00fcche aus vertraglicher als auch au\u00dfervertraglicher Haftung und auch f\u00fcr Anspr\u00fcche aus unerlaubter Handlung.<\/p><p>Dieser Haftungsausschluss muss von jedem Teilnehmer bei der Anmeldung zu einer Tour best\u00e4tigt werden und ist gegen\u00fcber allen Beteiligten wirksam.<\/p><ol><li><strong>\u00a0LEISTUNGSUMFANG<\/strong><\/li><\/ol><p>Die Leistungen sind im Reiseprogramm abschliessend aufgef\u00fchrt. Weitere Leistungen sind im Preis nicht enthalten und werden nur auf Anfrage ausgef\u00fchrt.<\/p><ol><li><strong>\u00a0DURCHF\u00dcHRUNG<\/strong><\/li><\/ol><p><strong>\u00a0<\/strong>Die angebotenen Touren werden bei jeder Witterung durchgef\u00fchrt. Muss eine Tour witterungsbedingt abgesagt werden, so wird dem Kunden die bereits geleistete Zahlung voll zur\u00fcckerstattet. Weitere Anspr\u00fcche k\u00f6nnen nicht geltend gemacht werden.<\/p><ol><li><strong>\u00a0MINDESTTEILNEHMERZAHL<\/strong><\/li><\/ol><p>In der Regel wird eine ausgeschriebene Tour durchgef\u00fchrt, wenn die Mindestteilnehmerzahl erreicht ist.<\/p><p>\u00a0<\/p><ol><li><strong>PROGRAMM\u00c4NDERUNG<\/strong><\/li><\/ol><p>Rudolf H\u00e4feli beh\u00e4lt sich vor, Strecken- oder Programm\u00e4nderungen kurzfristig vorzunehmen, dies aus Gr\u00fcnden der Sicherheit oder Aktualit\u00e4t. K\u00f6nnen vorgesehene Besichtigungen oder andere Attraktionen nicht durchgef\u00fchrt werden und ist Ersatz kurzfristig nicht m\u00f6glich, k\u00f6nnen keine Anspr\u00fcche gegen\u00fcber dem Veranstalter geltend gemacht werden.<\/p><ol><li><strong>FAHRTAUGLICHKEIT, FAHRERLAUBNIS<\/strong><\/li><\/ol><p>Der Teilnehmer\/in versichert, dass er im Besitz einer g\u00fcltigen Fahrerlaubnis ist und sein Fahrzeug sich in einem technisch einwandfreien Zustand befindet und zugelassen bzw. versichert ist.<\/p><p>Jeder Fahrer ist f\u00fcr seine gesundheitliche Verfassung, Ruhezeiten, etc. selber verantwortlich.<\/p><p>Rudolf H\u00e4feli beh\u00e4lt sich vor, die Fahrtauglichkeit der Teilnehmer\/in zu \u00fcberpr\u00fcfen und die betreffende Person bei Fahruntauglichkeit (Drogen, Alkohol, \u2026) auszuschlie\u00dfen.<\/p><p>Es wird vorausgesetzt, dass die Fahrer\/in ihre Fahrzeuge kennen und beherrschen, sowie \u00fcber eine entsprechende Fahrpraxis verf\u00fcgen.<\/p><ol><li><strong>FAHRZEUG UND FAHRERSICHERHEIT<\/strong><\/li><\/ol><p>Alle Teilnehmenden sind f\u00fcr ihre Fahrzeuge und dessen Umfeld selber verantwortlich. Betriebssicherheit, Haftpflichtversicherung, Ausweispapiere, Pannenversicherung<\/p><p>(ETI-Schutzbrief) etc. werden vorausgesetzt.<\/p><p>Es wird von allen Teilnehmenden das Tragen einer entsprechenden Schutzbekleidung erwartet.<\/p><p>Die benutzten Fahrzeuge m\u00fcssen f\u00fcr die jeweilige Tour geeignet sein um die \u00fcbrigen Teilnehmenden, sowie die Gruppendynamik nicht behindern. Im Allgemeinen sind Roller und Chopper ungeeignet f\u00fcr die ausgeschriebenen Touren. Der Veranstalter beh\u00e4lt sich vor, ungeeignete Fahrzeuge von der Tour auszuschliessen.<\/p><ol><li><strong>BEACHTUNG VON ANWEISUNGEN<\/strong><\/li><\/ol><p><strong>\u00a0<\/strong>Die Teilnehmenden verpflichten sich die geltenden Verkehrsregeln zu beachten, sowie die Regeln \u00fcber das fahren in Gruppen einzuhalten und weder Mensch noch Natur durch ihr Verhalten mit dem Fahrzeug zu sch\u00e4digen.<\/p><p>Die Weisungen der Tourguides, Hotelpersonals oder anderen beteiligten Personen in der Servicekette sind zu respektieren.<\/p><p><strong><u>Raserei auf den Touren und \u00dcberholen innerhalb einer Gruppe ist untersagt.<\/u><\/strong><\/p><p>Missachtet ein Teilnehmender wiederholt Vorschriften oder werden \u00fcbrige Teilnehmende durch das Verhalten eines Teilnehmenden bedroht, gesch\u00e4digt oder verletzt, so wird er von der Tour ausgeschlossen. In diesem Falle besteht kein Anspruch auf R\u00fcckerstattung des anteiligen Tourenpreises. Rudolf H\u00e4feli beh\u00e4lt sich die Geltendmachung von Schadenersatz vor.<\/p><ol><li><strong>TOURGUIDE<\/strong><\/li><\/ol><p>Die Tourguides f\u00fchren die entsprechenden Gruppen als Leader an. Erkrankt oder verunfallt ein Tourguide w\u00e4hrend einer Tour und muss diese deswegen abgebrochen werden, so haben die Teilnehmenden Anspruch auf die R\u00fcckerstattung des anteilsm\u00e4ssigen Teilnahmepreises. Es besteht jedoch kein Anrecht auf eine weitergehende Entsch\u00e4digung.<\/p><ol><li><strong>WARTEZEITEN<\/strong><\/li><\/ol><p><strong>\u00a0<\/strong>Wartezeiten unterwegs, verursacht durch Pannen oder n\u00f6tige Reparaturen an Motorr\u00e4dern d\u00fcrfen zu keinerlei Haftungsanspr\u00fcchen gegen\u00fcber dem Veranstalter f\u00fchren. Kann ein Teilnehmender die Tour infolge eines defekten Motorrades nicht fortsetzen und ist eine Beschaffung eines Ersatzfahrzeuges unm\u00f6glich, hat der Teilnehmende keinen Anspruch auf R\u00fcckerstattung der Reisekosten oder weitergehende Entsch\u00e4digungen.<\/p><p>Jeder Teilnehmer ist f\u00fcr sein Motorrad selber verantwortlich.<\/p><ol><li><strong>BEANSTANDUNGEN<\/strong><\/li><\/ol><p>M\u00e4ngel oder Beanstandungen sind dem Tourguide direkt mitzuteilen, haftungsbedingte Reklamationen k\u00f6nnen sp\u00e4ter nicht mehr ber\u00fccksichtigt werden.<\/p><ol><li><strong>FOTOAUFNAHMEN<\/strong><\/li><\/ol><p>Die auf den Touren vom Veranstalter angefertigten Bilder und Videos sind urheberrechtliches Eigentum des Veranstalters.<\/p><p>Der Veranstalter ist berechtigt, dieses Material f\u00fcr Werbezwecke zu verwenden, auch wenn der Kunde darauf zu erkennen ist, ohne dass daf\u00fcr Kosten f\u00fcr den Veranstalter gegen\u00fcber dem Kunden entstehen.<\/p><ol><li><strong>HAFTUNGSVERZICHT<\/strong><\/li><\/ol><p><strong>\u00a0<\/strong>Mit der Teilnahme an einer Tour sind sich die Teilnehmenden den Risiken und Gefahren voll bewusst und tragen daher das volle Risiko.<\/p><p>Die Beteiligung an den Motorradtouren von Rudolf H\u00e4feli geschieht auf eigene Gefahr. Jeder Teilnehmer ist f\u00fcr seine Fahrweise und Streckenwahl, sowie f\u00fcr alle seine T\u00e4tigkeiten w\u00e4hrend der Motorradtour selbst verantwortlich, auch wenn er dem Tourguide folgt.<\/p><p>Ihm sind die Risiken, die mit einer Motorradtour verbunden sind, bekannt. Rudolf H\u00e4feli haftet nicht f\u00fcr Sch\u00e4den, w\u00e4hrend und nach der Tour. Insbesondere nicht f\u00fcr Sch\u00e4den an Motorrad, und\/oder gesundheitlichen Sch\u00e4den, die durch Unfall, Verlust, Einfluss Dritter und\/oder elementare Einfl\u00fcsse entstanden sind.<\/p><p>Rudolf H\u00e4feli ist in keiner Weise f\u00fcr die pers\u00f6nliche Sicherheit der Teilnehmer und deren Eigentum verantwortlich. Anspr\u00fcche Dritter, resultierend aus Sch\u00e4den der Teilnehmer vor, w\u00e4hrend und nach der Tour, k\u00f6nnen bei Rudolf H\u00e4feli nicht geltend gemacht werden. Eine Haftung ist daher ausgeschlossen.<\/p><ol><li><strong>SCHLUSSBESTIMMUNGEN<\/strong><\/li><\/ol><p>Soweit durch die vorstehenden Bedingungen nicht alle Umst\u00e4nde geregelt werden, gelten die gesetzlichen Vorschriften. Alle fr\u00fcher ver\u00f6ffentlichten Gesch\u00e4ftsbedingungen werden durch die vorliegende Version ersetzt und verlieren damit ihre Rechtswirksamkeit. Sollte eine oder mehrere Bestimmungen dieser Gesch\u00e4ftsbedingungen ung\u00fcltig werden oder eine L\u00fccke aufweisen, so werden die \u00fcbrigen Bestimmungen hierdurch nicht ber\u00fchrt. Die Vertragsparteien sind in diesem Fall verpflichtet, die ung\u00fcltige Bestimmung durch eine solche zu ersetzen, die der ung\u00fcltigen wirtschaftlich m\u00f6glichst nahekommt bzw. die L\u00fccke ausf\u00fcllt.<\/p><p><br \/><strong>Illnau 05. Oktober 2022<\/strong><\/p><p><strong>Ich habe die AGB gelesen und bin damit einverstanden.<\/strong><\/p><p><strong>Name und Adresse: (in Blockschrift)<\/strong><\/p><p><strong>Datum und Unterschrift:<\/strong><\/p><\/div><\/div><\/div><\/div><\/div><\/section><section class=\"elementor-section elementor-top-section elementor-element elementor-element-a0469d1 elementor-section-boxed elementor-section-height-default elementor-section-height-default\" data-particle_enable=\"false\" data-particle-mobile-disabled=\"false\" data-id=\"a0469d1\" data-element_type=\"section\"><div class=\"elementor-container elementor-column-gap-default\"><div class=\"elementor-column elementor-col-100 elementor-top-column elementor-element elementor-element-2bf58f6\" data-id=\"2bf58f6\" data-element_type=\"column\"><div class=\"elementor-widget-wrap elementor-element-populated\"><div class=\"elementor-element elementor-element-56d369b elementor-align-center elementor-widget elementor-widget-button\" data-id=\"56d369b\" data-element_type=\"widget\" data-widget_type=\"button.default\"><div class=\"elementor-widget-container\"><div class=\"elementor-button-wrapper\">\u00a0<\/div><\/div><\/div><\/div><\/div><\/div><\/section>\t\t\t\t\t\t\t\t<\/div>\n\t\t\t\t<div class=\"elementor-element elementor-element-5b14fd1 elementor-align-center elementor-widget elementor-widget-button\" data-id=\"5b14fd1\" data-element_type=\"widget\" data-widget_type=\"button.default\">\n\t\t\t\t\t\t\t\t\t\t<a class=\"elementor-button elementor-button-link elementor-size-sm elementor-animation-pulse-grow\" href=\"https:\/\/newrh.rentbuyfly.ch\/wp-content\/uploads\/2025\/10\/AGB-RH-Touren-2022.pdf\" target=\"_blank\">\n\t\t\t\t\t\t<span class=\"elementor-button-content-wrapper\">\n\t\t\t\t\t\t<span class=\"elementor-button-icon\">\n\t\t\t\t<svg aria-hidden=\"true\" class=\"e-font-icon-svg e-far-file-pdf\" viewBox=\"0 0 384 512\" xmlns=\"http:\/\/www.w3.org\/2000\/svg\"><path d=\"M369.9 97.9L286 14C277 5 264.8-.1 252.1-.1H48C21.5 0 0 21.5 0 48v416c0 26.5 21.5 48 48 48h288c26.5 0 48-21.5 48-48V131.9c0-12.7-5.1-25-14.1-34zM332.1 128H256V51.9l76.1 76.1zM48 464V48h160v104c0 13.3 10.7 24 24 24h104v288H48zm250.2-143.7c-12.2-12-47-8.7-64.4-6.5-17.2-10.5-28.7-25-36.8-46.3 3.9-16.1 10.1-40.6 5.4-56-4.2-26.2-37.8-23.6-42.6-5.9-4.4 16.1-.4 38.5 7 67.1-10 23.9-24.9 56-35.4 74.4-20 10.3-47 26.2-51 46.2-3.3 15.8 26 55.2 76.1-31.2 22.4-7.4 46.8-16.5 68.4-20.1 18.9 10.2 41 17 55.8 17 25.5 0 28-28.2 17.5-38.7zm-198.1 77.8c5.1-13.7 24.5-29.5 30.4-35-19 30.3-30.4 35.7-30.4 35zm81.6-190.6c7.4 0 6.7 32.1 1.8 40.8-4.4-13.9-4.3-40.8-1.8-40.8zm-24.4 136.6c9.7-16.9 18-37 24.7-54.7 8.3 15.1 18.9 27.2 30.1 35.5-20.8 4.3-38.9 13.1-54.8 19.2zm131.6-5s-5 6-37.3-7.8c35.1-2.6 40.9 5.4 37.3 7.8z\"><\/path><\/svg>\t\t\t<\/span>\n\t\t\t\t\t\t\t\t\t<span class=\"elementor-button-text\"> Herunterladen<\/span>\n\t\t\t\t\t<\/span>\n\t\t\t\t\t<\/a>\n\t\t\t\t\t\t\t\t<\/div>\n\t\t\t\t\t<\/div>\n\t\t\t\t<\/div>\n\t\t<div class=\"elementor-element elementor-element-9c7d7ce e-flex e-con-boxed e-con e-parent\" data-id=\"9c7d7ce\" data-element_type=\"container\">\n\t\t\t\t\t<div class=\"e-con-inner\">\n\t\t\t\t<div class=\"elementor-element elementor-element-f50665a elementor-widget elementor-widget-spacer\" data-id=\"f50665a\" data-element_type=\"widget\" data-widget_type=\"spacer.default\">\n\t\t\t\t\t\t\t<div class=\"elementor-spacer\">\n\t\t\t<div class=\"elementor-spacer-inner\"><\/div>\n\t\t<\/div>\n\t\t\t\t\t\t<\/div>\n\t\t\t\t\t<\/div>\n\t\t\t\t<\/div>\n\t\t\t\t<\/div>\n\t\t","protected":false},"excerpt":{"rendered":"<p>Allgemeine Gesch\u00e4ftsbedingungen Rudolf H\u00e4feli, Breitenacherstrasse 60, 8308 Illnau GELTUNGSBEREICH \u00a0Diese AGB sind Bestandteil des Vertrages zwischen Rudolf H\u00e4feli und denTeilnehmenden. Vorbehalten bleiben abweichende oder erg\u00e4nzende Vereinbarungen, die der Schriftform bed\u00fcrfen. \u00a0VERTRAG Durch die schriftliche (auch \u00fcber Internet), telefonische oder pers\u00f6nliche Buchung kommt zwischen den Teilnehmenden und dem Veranstalter ein Vertrag zustande. \u00a0ZAHLUNGSBEDINGUNGEN Mit der verbindlichen [&hellip;]<\/p>\n","protected":false},"author":1,"featured_media":0,"parent":0,"menu_order":0,"comment_status":"closed","ping_status":"closed","template":"elementor_header_footer","meta":{"footnotes":""},"class_list":["post-529","page","type-page","status-publish","hentry"],"_links":{"self":[{"href":"https:\/\/newrh.rentbuyfly.ch\/index.php\/wp-json\/wp\/v2\/pages\/529","targetHints":{"allow":["GET"]}}],"collection":[{"href":"https:\/\/newrh.rentbuyfly.ch\/index.php\/wp-json\/wp\/v2\/pages"}],"about":[{"href":"https:\/\/newrh.rentbuyfly.ch\/index.php\/wp-json\/wp\/v2\/types\/page"}],"author":[{"embeddable":true,"href":"https:\/\/newrh.rentbuyfly.ch\/index.php\/wp-json\/wp\/v2\/users\/1"}],"replies":[{"embeddable":true,"href":"https:\/\/newrh.rentbuyfly.ch\/index.php\/wp-json\/wp\/v2\/comments?post=529"}],"version-history":[{"count":16,"href":"https:\/\/newrh.rentbuyfly.ch\/index.php\/wp-json\/wp\/v2\/pages\/529\/revisions"}],"predecessor-version":[{"id":606,"href":"https:\/\/newrh.rentbuyfly.ch\/index.php\/wp-json\/wp\/v2\/pages\/529\/revisions\/606"}],"wp:attachment":[{"href":"https:\/\/newrh.rentbuyfly.ch\/index.php\/wp-json\/wp\/v2\/media?parent=529"}],"curies":[{"name":"wp","href":"https:\/\/api.w.org\/{rel}","templated":true}]}}