{"id":944,"date":"2025-10-27T19:08:56","date_gmt":"2025-10-27T19:08:56","guid":{"rendered":"https:\/\/newrh.rentbuyfly.ch\/?page_id=944"},"modified":"2025-10-27T19:35:32","modified_gmt":"2025-10-27T19:35:32","slug":"1-fruehlingstour-tagestour","status":"publish","type":"page","link":"https:\/\/newrh.rentbuyfly.ch\/index.php\/1-fruehlingstour-tagestour\/","title":{"rendered":"1 Fr\u00fchlingstour (Tagestour)"},"content":{"rendered":"\t\t<div data-elementor-type=\"wp-page\" data-elementor-id=\"944\" class=\"elementor elementor-944\">\n\t\t\t\t<div class=\"elementor-element elementor-element-77e7f76 e-flex e-con-boxed e-con e-parent\" data-id=\"77e7f76\" data-element_type=\"container\" data-settings=\"{&quot;background_background&quot;:&quot;classic&quot;}\">\n\t\t\t\t\t<div class=\"e-con-inner\">\n\t\t<div class=\"elementor-element elementor-element-9fa0ca5 e-con-full e-flex e-con e-child\" data-id=\"9fa0ca5\" data-element_type=\"container\">\n\t\t\t\t<div class=\"elementor-element elementor-element-f15a043 elementor-widget elementor-widget-image\" data-id=\"f15a043\" data-element_type=\"widget\" data-widget_type=\"image.default\">\n\t\t\t\t\t\t\t\t\t\t\t\t\t\t\t\t<a href=\"https:\/\/newrh.rentbuyfly.ch\/wp-content\/uploads\/2025\/10\/Fruehlingstour-scaled.jpg\" data-elementor-open-lightbox=\"yes\" data-elementor-lightbox-title=\"Fru\u0308hlingstour\" data-e-action-hash=\"#elementor-action%3Aaction%3Dlightbox%26settings%3DeyJpZCI6ODgsInVybCI6Imh0dHBzOlwvXC9uZXdyaC5yZW50YnV5Zmx5LmNoXC93cC1jb250ZW50XC91cGxvYWRzXC8yMDI1XC8xMFwvRnJ1ZWhsaW5nc3RvdXItc2NhbGVkLmpwZyJ9\">\n\t\t\t\t\t\t\t<img fetchpriority=\"high\" decoding=\"async\" width=\"800\" height=\"450\" src=\"https:\/\/newrh.rentbuyfly.ch\/wp-content\/uploads\/2025\/10\/Fruehlingstour-1024x576.jpg\" class=\"attachment-large size-large wp-image-88\" alt=\"\" srcset=\"https:\/\/newrh.rentbuyfly.ch\/wp-content\/uploads\/2025\/10\/Fruehlingstour-1024x576.jpg 1024w, https:\/\/newrh.rentbuyfly.ch\/wp-content\/uploads\/2025\/10\/Fruehlingstour-300x169.jpg 300w, https:\/\/newrh.rentbuyfly.ch\/wp-content\/uploads\/2025\/10\/Fruehlingstour-768x432.jpg 768w, https:\/\/newrh.rentbuyfly.ch\/wp-content\/uploads\/2025\/10\/Fruehlingstour-1536x864.jpg 1536w, https:\/\/newrh.rentbuyfly.ch\/wp-content\/uploads\/2025\/10\/Fruehlingstour-2048x1152.jpg 2048w\" sizes=\"(max-width: 800px) 100vw, 800px\" \/>\t\t\t\t\t\t\t\t<\/a>\n\t\t\t\t\t\t\t\t\t\t\t\t\t\t\t<\/div>\n\t\t\t\t<\/div>\n\t\t<div class=\"elementor-element elementor-element-896e19c e-con-full e-flex e-con e-child\" data-id=\"896e19c\" data-element_type=\"container\">\n\t\t<div class=\"elementor-element elementor-element-59173e4 e-con-full e-flex e-con e-child\" data-id=\"59173e4\" data-element_type=\"container\">\n\t\t\t\t<div class=\"elementor-element elementor-element-a438bee elementor-widget elementor-widget-heading\" data-id=\"a438bee\" data-element_type=\"widget\" data-widget_type=\"heading.default\">\n\t\t\t\t\t<h2 class=\"elementor-heading-title elementor-size-default\">18.04.2026<\/h2>\t\t\t\t<\/div>\n\t\t\t\t<div class=\"elementor-element elementor-element-fb2a820 elementor-widget elementor-widget-text-editor\" data-id=\"fb2a820\" data-element_type=\"widget\" data-widget_type=\"text-editor.default\">\n\t\t\t\t\t\t\t\t\t<p>1 Fr\u00fchlingstour (Tagestour)<\/p>\t\t\t\t\t\t\t\t<\/div>\n\t\t\t\t<\/div>\n\t\t<div class=\"elementor-element elementor-element-14adda9 e-con-full e-flex e-con e-child\" data-id=\"14adda9\" data-element_type=\"container\">\n\t\t\t\t<div class=\"elementor-element elementor-element-bf27b6a elementor-widget elementor-widget-button\" data-id=\"bf27b6a\" data-element_type=\"widget\" data-widget_type=\"button.default\">\n\t\t\t\t\t\t\t\t\t\t<a class=\"elementor-button elementor-button-link elementor-size-sm elementor-animation-pulse-grow\" href=\"https:\/\/newrh.rentbuyfly.ch\/wp-content\/uploads\/2025\/10\/26_04_18_1-Tages-Tour-Fruehling-Schwarzwald.pdf\" target=\"_blank\">\n\t\t\t\t\t\t<span class=\"elementor-button-content-wrapper\">\n\t\t\t\t\t\t\t\t\t<span class=\"elementor-button-text\">Tourenbeschrieb<\/span>\n\t\t\t\t\t<\/span>\n\t\t\t\t\t<\/a>\n\t\t\t\t\t\t\t\t<\/div>\n\t\t\t\t<\/div>\n\t\t\t\t<\/div>\n\t\t\t\t\t<\/div>\n\t\t\t\t<\/div>\n\t\t<div class=\"elementor-element elementor-element-6bed353 e-flex e-con-boxed e-con e-parent\" data-id=\"6bed353\" data-element_type=\"container\">\n\t\t\t\t\t<div class=\"e-con-inner\">\n\t\t\t\t<div class=\"elementor-element elementor-element-0171ab0 elementor-widget elementor-widget-qi_addons_for_elementor_wp_forms\" data-id=\"0171ab0\" data-element_type=\"widget\" data-widget_type=\"qi_addons_for_elementor_wp_forms.default\">\n\t\t\t\t<div class=\"elementor-widget-container\">\n\t\t\t\t\t<div class=\"qodef-shortcode qodef-m qodef-qi-wp-forms\">\n\t<style id=\"wpforms-css-vars-1105\">\n\t\t\t\t#wpforms-1105 {\n\t\t\t\t--wpforms-container-padding: 0px;\n--wpforms-container-border-width: 1px;\n--wpforms-container-border-radius: 3px;\n--wpforms-background-color: rgba(0, 0, 0, 0);\n--wpforms-field-size-input-height: 43px;\n--wpforms-field-size-input-spacing: 15px;\n--wpforms-field-size-font-size: 16px;\n--wpforms-field-size-line-height: 19px;\n--wpforms-field-size-padding-h: 14px;\n--wpforms-field-size-checkbox-size: 16px;\n--wpforms-field-size-sublabel-spacing: 5px;\n--wpforms-field-size-icon-size: 1;\n--wpforms-label-size-font-size: 16px;\n--wpforms-label-size-line-height: 19px;\n--wpforms-label-size-sublabel-font-size: 14px;\n--wpforms-label-size-sublabel-line-height: 17px;\n--wpforms-button-size-font-size: 17px;\n--wpforms-button-size-height: 41px;\n--wpforms-button-size-padding-h: 15px;\n--wpforms-button-size-margin-top: 10px;\n--wpforms-container-shadow-size-box-shadow: none;\n\t\t\t}\n\t\t\t<\/style><div class=\"wpforms-container wpforms-container-full wpforms-render-modern\" id=\"wpforms-1105\"><form id=\"wpforms-form-1105\" class=\"wpforms-validate wpforms-form wpforms-ajax-form\" data-formid=\"1105\" method=\"post\" enctype=\"multipart\/form-data\" action=\"\/index.php\/wp-json\/wp\/v2\/pages\/944\" data-token=\"82277a48c9a4f096c3694fadb36a9c82\" data-token-time=\"1777324475\"><noscript class=\"wpforms-error-noscript\">Bitte aktiviere JavaScript in deinem Browser, um dieses Formular fertigzustellen.<\/noscript><div id=\"wpforms-error-noscript\" style=\"display: none;\">Bitte aktiviere JavaScript in deinem Browser, um dieses Formular fertigzustellen.<\/div><div class=\"wpforms-field-container\"><div id=\"wpforms-1105-field_1-container\" class=\"wpforms-field wpforms-field-select wpforms-field-select-style-classic\" data-field-id=\"1\"><label class=\"wpforms-field-label\" for=\"wpforms-1105-field_1\">Termin <span class=\"wpforms-required-label\" aria-hidden=\"true\">*<\/span><\/label><select id=\"wpforms-1105-field_1\" class=\"wpforms-field-large wpforms-field-required\" name=\"wpforms[fields][1]\" required=\"required\"><option value=\"\" class=\"placeholder\" disabled >--- Select Choice ---<\/option><option value=\"29. November 2025\"  selected='selected' class=\"choice-1 depth-1\"  >29. November 2025<\/option><\/select><\/div><div id=\"wpforms-1105-field_2-container\" class=\"wpforms-field wpforms-field-name\" data-field-id=\"2\"><fieldset><legend class=\"wpforms-field-label\">Name <span class=\"wpforms-required-label\" aria-hidden=\"true\">*<\/span><\/legend><div class=\"wpforms-field-row wpforms-field-large\"><div class=\"wpforms-field-row-block wpforms-first wpforms-one-half\"><input type=\"text\" id=\"wpforms-1105-field_2\" class=\"wpforms-field-name-first wpforms-field-required\" name=\"wpforms[fields][2][first]\" placeholder=\"Vorname:\" aria-errormessage=\"wpforms-1105-field_2-error\" required><label for=\"wpforms-1105-field_2\" class=\"wpforms-field-sublabel after wpforms-sublabel-hide\">Vorname<\/label><\/div><div class=\"wpforms-field-row-block wpforms-one-half\"><input type=\"text\" id=\"wpforms-1105-field_2-last\" class=\"wpforms-field-name-last wpforms-field-required\" name=\"wpforms[fields][2][last]\" placeholder=\"Nachname:\" aria-errormessage=\"wpforms-1105-field_2-last-error\" required><label for=\"wpforms-1105-field_2-last\" class=\"wpforms-field-sublabel after wpforms-sublabel-hide\">Nachname<\/label><\/div><\/div><\/fieldset><\/div><div id=\"wpforms-1105-field_3-container\" class=\"wpforms-field wpforms-field-text\" data-field-id=\"3\"><label class=\"wpforms-field-label\" for=\"wpforms-1105-field_3\">Adresse: <span class=\"wpforms-required-label\" aria-hidden=\"true\">*<\/span><\/label><input type=\"text\" id=\"wpforms-1105-field_3\" class=\"wpforms-field-large wpforms-field-required\" name=\"wpforms[fields][3]\" aria-errormessage=\"wpforms-1105-field_3-error\" required><\/div>\t\t<div id=\"wpforms-1105-field_7-container\"\n\t\t\tclass=\"wpforms-field wpforms-field-text\"\n\t\t\tdata-field-type=\"text\"\n\t\t\tdata-field-id=\"7\"\n\t\t\t>\n\t\t\t<label class=\"wpforms-field-label\" for=\"wpforms-1105-field_7\" >Ger\u00e4t: Name Termin<\/label>\n\t\t\t<input type=\"text\" id=\"wpforms-1105-field_7\" class=\"wpforms-field-medium\" name=\"wpforms[fields][7]\" >\n\t\t<\/div>\n\t\t<div id=\"wpforms-1105-field_4-container\" class=\"wpforms-field wpforms-field-email\" data-field-id=\"4\"><label class=\"wpforms-field-label\" for=\"wpforms-1105-field_4\">Email <span class=\"wpforms-required-label\" aria-hidden=\"true\">*<\/span><\/label><input type=\"email\" id=\"wpforms-1105-field_4\" class=\"wpforms-field-large wpforms-field-required\" name=\"wpforms[fields][4]\" spellcheck=\"false\" aria-errormessage=\"wpforms-1105-field_4-error\" required><\/div><div id=\"wpforms-1105-field_5-container\" class=\"wpforms-field wpforms-field-number\" data-field-id=\"5\"><label class=\"wpforms-field-label\" for=\"wpforms-1105-field_5\">Mobil: <span class=\"wpforms-required-label\" aria-hidden=\"true\">*<\/span><\/label><input type=\"number\" id=\"wpforms-1105-field_5\" class=\"wpforms-field-large wpforms-field-required\" name=\"wpforms[fields][5]\" step=\"any\" aria-errormessage=\"wpforms-1105-field_5-error\" required><\/div><div id=\"wpforms-1105-field_6-container\" class=\"wpforms-field wpforms-field-text\" data-field-id=\"6\"><label class=\"wpforms-field-label\" for=\"wpforms-1105-field_6\">Navigation Ger\u00e4t: <span class=\"wpforms-required-label\" aria-hidden=\"true\">*<\/span><\/label><input type=\"text\" id=\"wpforms-1105-field_6\" class=\"wpforms-field-large wpforms-field-required\" name=\"wpforms[fields][6]\" aria-errormessage=\"wpforms-1105-field_6-error\" required><\/div><script>\n\t\t\t\t( function() {\n\t\t\t\t\tconst style = document.createElement( 'style' );\n\t\t\t\t\tstyle.appendChild( document.createTextNode( '#wpforms-1105-field_7-container { position: absolute !important; overflow: hidden !important; display: inline !important; height: 1px !important; width: 1px !important; z-index: -1000 !important; padding: 0 !important; } #wpforms-1105-field_7-container input { visibility: hidden; } #wpforms-conversational-form-page #wpforms-1105-field_7-container label { counter-increment: none; }' ) );\n\t\t\t\t\tdocument.head.appendChild( style );\n\t\t\t\t\tdocument.currentScript?.remove();\n\t\t\t\t} )();\n\t\t\t<\/script><\/div><!-- .wpforms-field-container --><div class=\"wpforms-submit-container\" ><input type=\"hidden\" name=\"wpforms[id]\" value=\"1105\"><input type=\"hidden\" name=\"page_title\" value=\"\"><input type=\"hidden\" name=\"page_url\" value=\"https:\/\/newrh.rentbuyfly.ch\/index.php\/wp-json\/wp\/v2\/pages\/944\"><input type=\"hidden\" name=\"url_referer\" value=\"\"><button type=\"submit\" name=\"wpforms[submit]\" id=\"wpforms-submit-1105\" class=\"wpforms-submit\" data-alt-text=\"Senden\" data-submit-text=\"Anmelden\" aria-live=\"assertive\" value=\"wpforms-submit\">Anmelden<\/button><img decoding=\"async\" data-src=\"https:\/\/newrh.rentbuyfly.ch\/wp-content\/plugins\/wpforms-lite\/assets\/images\/submit-spin.svg\" class=\"wpforms-submit-spinner lazyload\" style=\"--smush-placeholder-width: 26px; --smush-placeholder-aspect-ratio: 26\/26;display: none;\" width=\"26\" height=\"26\" alt=\"Wird geladen\" src=\"data:image\/svg+xml;base64,PHN2ZyB3aWR0aD0iMSIgaGVpZ2h0PSIxIiB4bWxucz0iaHR0cDovL3d3dy53My5vcmcvMjAwMC9zdmciPjwvc3ZnPg==\"><\/div><\/form><\/div>  <!-- .wpforms-container --><\/div>\n\t\t\t\t<\/div>\n\t\t\t\t<\/div>\n\t\t\t\t\t<\/div>\n\t\t\t\t<\/div>\n\t\t<div class=\"elementor-element elementor-element-a53d14b e-flex e-con-boxed e-con e-parent\" data-id=\"a53d14b\" data-element_type=\"container\">\n\t\t\t\t\t<div class=\"e-con-inner\">\n\t\t\t\t<div class=\"elementor-element elementor-element-0adde84 elementor-widget-divider--view-line elementor-widget elementor-widget-divider\" data-id=\"0adde84\" data-element_type=\"widget\" data-widget_type=\"divider.default\">\n\t\t\t\t\t\t\t<div class=\"elementor-divider\">\n\t\t\t<span class=\"elementor-divider-separator\">\n\t\t\t\t\t\t<\/span>\n\t\t<\/div>\n\t\t\t\t\t\t<\/div>\n\t\t\t\t<div class=\"elementor-element elementor-element-907099c elementor-widget elementor-widget-text-editor\" data-id=\"907099c\" data-element_type=\"widget\" data-widget_type=\"text-editor.default\">\n\t\t\t\t\t\t\t\t\t<p>F\u00fcr Kostenpflichtige Touren wird mit der R\u00fcckbest\u00e4tigungst\u00e4tigung der Anmeldung durch RH Touren ein Betrag von jeweils CHF 200.00 vorab f\u00fcr Buchungen, Reservierungen und den allgemeinen Kostenaufwand f\u00fcr RH Touren erhoben. Dieser Betrag wird bei der Teilnahme an der Tour am Gesamtpreis angerechnet.<\/p>\t\t\t\t\t\t\t\t<\/div>\n\t\t\t\t\t<\/div>\n\t\t\t\t<\/div>\n\t\t\t\t<\/div>\n\t\t","protected":false},"excerpt":{"rendered":"<p>18.04.2026 1 Fr\u00fchlingstour (Tagestour) Tourenbeschrieb Please enable JavaScript in your browser to complete this form.Please enable JavaScript in your browser to complete this form. Vorname: * FirstLast Adresse:Email *Mobil: *Motorrad: * Allgemeinen Gesch\u00e4ftsbedingungen * Ich habe die Allgemeinen Gesch\u00e4ftsbedingungen gelesen und akzeptiere diese. Anmelden F\u00fcr Kostenpflichtige Touren wird mit der R\u00fcckbest\u00e4tigungst\u00e4tigung der Anmeldung durch RH [&hellip;]<\/p>\n","protected":false},"author":1,"featured_media":0,"parent":0,"menu_order":0,"comment_status":"closed","ping_status":"closed","template":"elementor_header_footer","meta":{"footnotes":""},"class_list":["post-944","page","type-page","status-publish","hentry"],"_links":{"self":[{"href":"https:\/\/newrh.rentbuyfly.ch\/index.php\/wp-json\/wp\/v2\/pages\/944","targetHints":{"allow":["GET"]}}],"collection":[{"href":"https:\/\/newrh.rentbuyfly.ch\/index.php\/wp-json\/wp\/v2\/pages"}],"about":[{"href":"https:\/\/newrh.rentbuyfly.ch\/index.php\/wp-json\/wp\/v2\/types\/page"}],"author":[{"embeddable":true,"href":"https:\/\/newrh.rentbuyfly.ch\/index.php\/wp-json\/wp\/v2\/users\/1"}],"replies":[{"embeddable":true,"href":"https:\/\/newrh.rentbuyfly.ch\/index.php\/wp-json\/wp\/v2\/comments?post=944"}],"version-history":[{"count":16,"href":"https:\/\/newrh.rentbuyfly.ch\/index.php\/wp-json\/wp\/v2\/pages\/944\/revisions"}],"predecessor-version":[{"id":969,"href":"https:\/\/newrh.rentbuyfly.ch\/index.php\/wp-json\/wp\/v2\/pages\/944\/revisions\/969"}],"wp:attachment":[{"href":"https:\/\/newrh.rentbuyfly.ch\/index.php\/wp-json\/wp\/v2\/media?parent=944"}],"curies":[{"name":"wp","href":"https:\/\/api.w.org\/{rel}","templated":true}]}}